{"id":982,"date":"2025-03-20T03:20:48","date_gmt":"2025-03-20T03:20:48","guid":{"rendered":"https:\/\/marrakech-mon-amour.com\/?post_type=product&#038;p=982"},"modified":"2025-06-06T14:02:02","modified_gmt":"2025-06-06T14:02:02","slug":"cabas-marrakech-mon-amour","status":"publish","type":"product","link":"https:\/\/marrakech-mon-amour.com\/en\/product\/cabas-marrakech-mon-amour\/","title":{"rendered":"MARRAKECH MY LOVE\" shopping bag"},"content":{"rendered":"<p><span style=\"font-weight: 400;\">Tinted denim canvas\u00a0<\/span><\/p>\n<p><span style=\"font-weight: 400;\">Double screen-printed inside \/ outside, handmade<\/span><\/p>\n<p><span style=\"font-weight: 400;\">Inside zipped pocket<\/span><\/p>\n<p><span style=\"font-weight: 400;\">Gold-plated press stud and zip<\/span><\/p>\n<p><span style=\"font-weight: 400;\">Heavy-duty seams<\/span><\/p>\n<p><span style=\"font-weight: 400;\">Machine washable (30\u00b0)<\/span><\/p>\n<p><span style=\"font-weight: 400;\">Made in Marrakech<\/span><\/p>\n<p><span style=\"font-weight: 400;\">Dimensions<\/span><span style=\"font-weight: 400;\">:<\/span><\/p>\n<p><span style=\"font-weight: 400;\">- Length: 50 cm<\/span><span style=\"font-weight: 400;\"><br \/>\n<\/span><span style=\"font-weight: 400;\">- Height: 38 cm<\/span><span style=\"font-weight: 400;\"><br \/>\n<\/span><span style=\"font-weight: 400;\">- Bellows: 20 cm<\/span><span style=\"font-weight: 400;\"><br \/>\n<\/span><span style=\"font-weight: 400;\">- Height of handles: 30 cm<\/span><\/p>","protected":false},"excerpt":{"rendered":"<p>Tinted denim Double screen-printed inside\/outside handmade Inside zipped pocket Gold press stud and zip Heavy-duty seams Machine washable (30\u00b0) Made in Marrakech Dimensions: - Length: 50 cm - Height: 38 cm - Gusset: 20 cm - Height handles: 30 cm<\/p>","protected":false},"featured_media":988,"template":"","meta":[],"product_brand":[],"product_cat":[28],"product_tag":[],"class_list":{"0":"post-982","1":"product","2":"type-product","3":"status-publish","4":"has-post-thumbnail","6":"product_cat-tote-bags","8":"first","9":"instock","10":"shipping-taxable","11":"purchasable","12":"product-type-variable","13":"wvs-archive-product-wrapper"},"yoast_head":"<!-- This site is optimized with the Yoast SEO plugin v24.9 - https:\/\/yoast.com\/wordpress\/plugins\/seo\/ -->\n<title>Cabas \u201cMARRAKECH MON AMOUR\u201d - Marrakech Mon Amour Concept Store Marrakech<\/title>\n<meta name=\"robots\" content=\"index, follow, max-snippet:-1, max-image-preview:large, max-video-preview:-1\" \/>\n<link rel=\"canonical\" href=\"https:\/\/marrakech-mon-amour.com\/en\/product\/cabas-marrakech-mon-amour\/\" \/>\n<meta property=\"og:locale\" content=\"en_US\" \/>\n<meta property=\"og:type\" content=\"article\" \/>\n<meta property=\"og:title\" content=\"Cabas \u201cMARRAKECH MON AMOUR\u201d - Marrakech Mon Amour Concept Store Marrakech\" \/>\n<meta property=\"og:description\" content=\"Toile de jean teint\u00e9e\u00a0 Double s\u00e9rigraphie int\u00e9rieur \/ ext\u00e9rieur fait main Poche int\u00e9rieure zipp\u00e9e Pression et zip dor\u00e9s Coutures r\u00e9sistantes Lavable en machine (30\u00b0) Fait \u00e0 Marrakech Dimensions: &#8211; Longueur: 50 cm &#8211; Hauteur: 38 cm &#8211; Soufflet: 20 cm &#8211; Hauteur anses: 30 cm\" \/>\n<meta property=\"og:url\" content=\"https:\/\/marrakech-mon-amour.com\/en\/product\/cabas-marrakech-mon-amour\/\" \/>\n<meta property=\"og:site_name\" content=\"Marrakech Mon Amour Concept Store Marrakech\" \/>\n<meta property=\"article:publisher\" content=\"https:\/\/instagram.com\/sookparis\" \/>\n<meta property=\"article:modified_time\" content=\"2025-06-06T14:02:02+00:00\" \/>\n<meta property=\"og:image\" content=\"https:\/\/marrakech-mon-amour.com\/wp-content\/uploads\/2025\/03\/DSC_0014.jpg\" \/>\n\t<meta property=\"og:image:width\" content=\"1666\" \/>\n\t<meta property=\"og:image:height\" content=\"2500\" \/>\n\t<meta property=\"og:image:type\" content=\"image\/jpeg\" \/>\n<meta name=\"twitter:card\" content=\"summary_large_image\" \/>\n<meta name=\"twitter:label1\" content=\"Est. reading time\" \/>\n\t<meta name=\"twitter:data1\" content=\"1 minute\" \/>\n<script type=\"application\/ld+json\" class=\"yoast-schema-graph\">{\"@context\":\"https:\/\/schema.org\",\"@graph\":[{\"@type\":\"WebPage\",\"@id\":\"https:\/\/marrakech-mon-amour.com\/product\/cabas-marrakech-mon-amour\/\",\"url\":\"https:\/\/marrakech-mon-amour.com\/product\/cabas-marrakech-mon-amour\/\",\"name\":\"Cabas \u201cMARRAKECH MON AMOUR\u201d - Marrakech Mon Amour Concept Store Marrakech\",\"isPartOf\":{\"@id\":\"https:\/\/marrakech-mon-amour.com\/#website\"},\"primaryImageOfPage\":{\"@id\":\"https:\/\/marrakech-mon-amour.com\/product\/cabas-marrakech-mon-amour\/#primaryimage\"},\"image\":{\"@id\":\"https:\/\/marrakech-mon-amour.com\/product\/cabas-marrakech-mon-amour\/#primaryimage\"},\"thumbnailUrl\":\"https:\/\/marrakech-mon-amour.com\/wp-content\/uploads\/2025\/03\/DSC_0014.jpg\",\"datePublished\":\"2025-03-20T03:20:48+00:00\",\"dateModified\":\"2025-06-06T14:02:02+00:00\",\"breadcrumb\":{\"@id\":\"https:\/\/marrakech-mon-amour.com\/product\/cabas-marrakech-mon-amour\/#breadcrumb\"},\"inLanguage\":\"en-US\",\"potentialAction\":[{\"@type\":\"ReadAction\",\"target\":[\"https:\/\/marrakech-mon-amour.com\/product\/cabas-marrakech-mon-amour\/\"]}]},{\"@type\":\"ImageObject\",\"inLanguage\":\"en-US\",\"@id\":\"https:\/\/marrakech-mon-amour.com\/product\/cabas-marrakech-mon-amour\/#primaryimage\",\"url\":\"https:\/\/marrakech-mon-amour.com\/wp-content\/uploads\/2025\/03\/DSC_0014.jpg\",\"contentUrl\":\"https:\/\/marrakech-mon-amour.com\/wp-content\/uploads\/2025\/03\/DSC_0014.jpg\",\"width\":1666,\"height\":2500},{\"@type\":\"BreadcrumbList\",\"@id\":\"https:\/\/marrakech-mon-amour.com\/product\/cabas-marrakech-mon-amour\/#breadcrumb\",\"itemListElement\":[{\"@type\":\"ListItem\",\"position\":1,\"name\":\"Accueil\",\"item\":\"https:\/\/marrakech-mon-amour.com\/\"},{\"@type\":\"ListItem\",\"position\":2,\"name\":\"Tous les produits\",\"item\":\"https:\/\/marrakech-mon-amour.com\/tous-les-produits\/\"},{\"@type\":\"ListItem\",\"position\":3,\"name\":\"Cabas \u201cMARRAKECH MON AMOUR\u201d\"}]},{\"@type\":\"WebSite\",\"@id\":\"https:\/\/marrakech-mon-amour.com\/#website\",\"url\":\"https:\/\/marrakech-mon-amour.com\/\",\"name\":\"Sook Paris Concept Store Marrakech\",\"description\":\"\",\"publisher\":{\"@id\":\"https:\/\/marrakech-mon-amour.com\/#organization\"},\"potentialAction\":[{\"@type\":\"SearchAction\",\"target\":{\"@type\":\"EntryPoint\",\"urlTemplate\":\"https:\/\/marrakech-mon-amour.com\/?s={search_term_string}\"},\"query-input\":{\"@type\":\"PropertyValueSpecification\",\"valueRequired\":true,\"valueName\":\"search_term_string\"}}],\"inLanguage\":\"en-US\"},{\"@type\":\"Organization\",\"@id\":\"https:\/\/marrakech-mon-amour.com\/#organization\",\"name\":\"Sook Paris Concept Store Marrakech\",\"url\":\"https:\/\/marrakech-mon-amour.com\/\",\"logo\":{\"@type\":\"ImageObject\",\"inLanguage\":\"en-US\",\"@id\":\"https:\/\/marrakech-mon-amour.com\/#\/schema\/logo\/image\/\",\"url\":\"https:\/\/marrakech-mon-amour.com\/wp-content\/uploads\/2025\/03\/Plan-de-travail-15@3x-1.png\",\"contentUrl\":\"https:\/\/marrakech-mon-amour.com\/wp-content\/uploads\/2025\/03\/Plan-de-travail-15@3x-1.png\",\"width\":836,\"height\":375,\"caption\":\"Sook Paris Concept Store Marrakech\"},\"image\":{\"@id\":\"https:\/\/marrakech-mon-amour.com\/#\/schema\/logo\/image\/\"},\"sameAs\":[\"https:\/\/instagram.com\/sookparis\"]}]}<\/script>\n<!-- \/ Yoast SEO plugin. -->","yoast_head_json":{"title":"Cabas \u201cMARRAKECH MON AMOUR\u201d - Marrakech Mon Amour Concept Store Marrakech","robots":{"index":"index","follow":"follow","max-snippet":"max-snippet:-1","max-image-preview":"max-image-preview:large","max-video-preview":"max-video-preview:-1"},"canonical":"https:\/\/marrakech-mon-amour.com\/en\/product\/cabas-marrakech-mon-amour\/","og_locale":"en_US","og_type":"article","og_title":"Cabas \u201cMARRAKECH MON AMOUR\u201d - Marrakech Mon Amour Concept Store Marrakech","og_description":"Toile de jean teint\u00e9e\u00a0 Double s\u00e9rigraphie int\u00e9rieur \/ ext\u00e9rieur fait main Poche int\u00e9rieure zipp\u00e9e Pression et zip dor\u00e9s Coutures r\u00e9sistantes Lavable en machine (30\u00b0) Fait \u00e0 Marrakech Dimensions: &#8211; Longueur: 50 cm &#8211; Hauteur: 38 cm &#8211; Soufflet: 20 cm &#8211; Hauteur anses: 30 cm","og_url":"https:\/\/marrakech-mon-amour.com\/en\/product\/cabas-marrakech-mon-amour\/","og_site_name":"Marrakech Mon Amour Concept Store Marrakech","article_publisher":"https:\/\/instagram.com\/sookparis","article_modified_time":"2025-06-06T14:02:02+00:00","og_image":[{"width":1666,"height":2500,"url":"https:\/\/marrakech-mon-amour.com\/wp-content\/uploads\/2025\/03\/DSC_0014.jpg","type":"image\/jpeg"}],"twitter_card":"summary_large_image","twitter_misc":{"Est. reading time":"1 minute"},"schema":{"@context":"https:\/\/schema.org","@graph":[{"@type":"WebPage","@id":"https:\/\/marrakech-mon-amour.com\/product\/cabas-marrakech-mon-amour\/","url":"https:\/\/marrakech-mon-amour.com\/product\/cabas-marrakech-mon-amour\/","name":"Cabas \u201cMARRAKECH MON AMOUR\u201d - Marrakech Mon Amour Concept Store Marrakech","isPartOf":{"@id":"https:\/\/marrakech-mon-amour.com\/#website"},"primaryImageOfPage":{"@id":"https:\/\/marrakech-mon-amour.com\/product\/cabas-marrakech-mon-amour\/#primaryimage"},"image":{"@id":"https:\/\/marrakech-mon-amour.com\/product\/cabas-marrakech-mon-amour\/#primaryimage"},"thumbnailUrl":"https:\/\/marrakech-mon-amour.com\/wp-content\/uploads\/2025\/03\/DSC_0014.jpg","datePublished":"2025-03-20T03:20:48+00:00","dateModified":"2025-06-06T14:02:02+00:00","breadcrumb":{"@id":"https:\/\/marrakech-mon-amour.com\/product\/cabas-marrakech-mon-amour\/#breadcrumb"},"inLanguage":"en-US","potentialAction":[{"@type":"ReadAction","target":["https:\/\/marrakech-mon-amour.com\/product\/cabas-marrakech-mon-amour\/"]}]},{"@type":"ImageObject","inLanguage":"en-US","@id":"https:\/\/marrakech-mon-amour.com\/product\/cabas-marrakech-mon-amour\/#primaryimage","url":"https:\/\/marrakech-mon-amour.com\/wp-content\/uploads\/2025\/03\/DSC_0014.jpg","contentUrl":"https:\/\/marrakech-mon-amour.com\/wp-content\/uploads\/2025\/03\/DSC_0014.jpg","width":1666,"height":2500},{"@type":"BreadcrumbList","@id":"https:\/\/marrakech-mon-amour.com\/product\/cabas-marrakech-mon-amour\/#breadcrumb","itemListElement":[{"@type":"ListItem","position":1,"name":"Accueil","item":"https:\/\/marrakech-mon-amour.com\/"},{"@type":"ListItem","position":2,"name":"Tous les produits","item":"https:\/\/marrakech-mon-amour.com\/tous-les-produits\/"},{"@type":"ListItem","position":3,"name":"Cabas \u201cMARRAKECH MON AMOUR\u201d"}]},{"@type":"WebSite","@id":"https:\/\/marrakech-mon-amour.com\/#website","url":"https:\/\/marrakech-mon-amour.com\/","name":"Sook Paris Concept Store Marrakech","description":"","publisher":{"@id":"https:\/\/marrakech-mon-amour.com\/#organization"},"potentialAction":[{"@type":"SearchAction","target":{"@type":"EntryPoint","urlTemplate":"https:\/\/marrakech-mon-amour.com\/?s={search_term_string}"},"query-input":{"@type":"PropertyValueSpecification","valueRequired":true,"valueName":"search_term_string"}}],"inLanguage":"en-US"},{"@type":"Organization","@id":"https:\/\/marrakech-mon-amour.com\/#organization","name":"Sook Paris Concept Store Marrakech","url":"https:\/\/marrakech-mon-amour.com\/","logo":{"@type":"ImageObject","inLanguage":"en-US","@id":"https:\/\/marrakech-mon-amour.com\/#\/schema\/logo\/image\/","url":"https:\/\/marrakech-mon-amour.com\/wp-content\/uploads\/2025\/03\/Plan-de-travail-15@3x-1.png","contentUrl":"https:\/\/marrakech-mon-amour.com\/wp-content\/uploads\/2025\/03\/Plan-de-travail-15@3x-1.png","width":836,"height":375,"caption":"Sook Paris Concept Store Marrakech"},"image":{"@id":"https:\/\/marrakech-mon-amour.com\/#\/schema\/logo\/image\/"},"sameAs":["https:\/\/instagram.com\/sookparis"]}]}},"_links":{"self":[{"href":"https:\/\/marrakech-mon-amour.com\/en\/wp-json\/wp\/v2\/product\/982","targetHints":{"allow":["GET"]}}],"collection":[{"href":"https:\/\/marrakech-mon-amour.com\/en\/wp-json\/wp\/v2\/product"}],"about":[{"href":"https:\/\/marrakech-mon-amour.com\/en\/wp-json\/wp\/v2\/types\/product"}],"wp:featuredmedia":[{"embeddable":true,"href":"https:\/\/marrakech-mon-amour.com\/en\/wp-json\/wp\/v2\/media\/988"}],"wp:attachment":[{"href":"https:\/\/marrakech-mon-amour.com\/en\/wp-json\/wp\/v2\/media?parent=982"}],"wp:term":[{"taxonomy":"product_brand","embeddable":true,"href":"https:\/\/marrakech-mon-amour.com\/en\/wp-json\/wp\/v2\/product_brand?post=982"},{"taxonomy":"product_cat","embeddable":true,"href":"https:\/\/marrakech-mon-amour.com\/en\/wp-json\/wp\/v2\/product_cat?post=982"},{"taxonomy":"product_tag","embeddable":true,"href":"https:\/\/marrakech-mon-amour.com\/en\/wp-json\/wp\/v2\/product_tag?post=982"}],"curies":[{"name":"wp","href":"https:\/\/api.w.org\/{rel}","templated":true}]}}