{"id":1473,"date":"2025-05-07T16:32:38","date_gmt":"2025-05-07T16:32:38","guid":{"rendered":"https:\/\/marrakech-mon-amour.com\/?post_type=product&#038;p=1473"},"modified":"2025-05-27T18:19:55","modified_gmt":"2025-05-27T18:19:55","slug":"cabas-week-end","status":"publish","type":"product","link":"https:\/\/marrakech-mon-amour.com\/en\/product\/cabas-week-end\/","title":{"rendered":"WEEKEND\" tote bag"},"content":{"rendered":"<p>Denim canvas<\/p>\n<p>Inside zipped pocket<\/p>\n<p>Gold-plated press stud and zip<\/p>\n<p>Heavy-duty seams<\/p>\n<p>Machine washable (30\u00b0)<\/p>\n<p>Made in Marrakech<\/p>\n<p>Dimensions:<\/p>\n<p>- Length: 50 cm<br \/>\n- Height: 40 cm<br \/>\n- Bellows: 20 cm<br \/>\n- Height of handles: 30 cm<\/p>","protected":false},"excerpt":{"rendered":"<p>Denim canvas Inside zipped pocket Gold press studs and zip Heavy-duty seams Machine washable (30\u00b0) Made in Marrakech Dimensions: - Length: 50 cm - Height: 40 cm - Gusset: 20 cm - Height of handles: 30 cm<\/p>","protected":false},"featured_media":1475,"template":"","meta":[],"product_brand":[],"product_cat":[28],"product_tag":[],"class_list":{"0":"post-1473","1":"product","2":"type-product","3":"status-publish","4":"has-post-thumbnail","6":"product_cat-tote-bags","8":"first","9":"instock","10":"shipping-taxable","11":"purchasable","12":"product-type-simple"},"yoast_head":"<!-- This site is optimized with the Yoast SEO plugin v24.9 - https:\/\/yoast.com\/wordpress\/plugins\/seo\/ -->\n<title>Cabas &quot;WEEK-END&quot; - Marrakech Mon Amour Concept Store Marrakech<\/title>\n<meta name=\"robots\" content=\"index, follow, max-snippet:-1, max-image-preview:large, max-video-preview:-1\" \/>\n<link rel=\"canonical\" href=\"https:\/\/marrakech-mon-amour.com\/en\/product\/cabas-week-end\/\" \/>\n<meta property=\"og:locale\" content=\"en_US\" \/>\n<meta property=\"og:type\" content=\"article\" \/>\n<meta property=\"og:title\" content=\"Cabas &quot;WEEK-END&quot; - Marrakech Mon Amour Concept Store Marrakech\" \/>\n<meta property=\"og:description\" content=\"Toile de jean Poche int\u00e9rieure zipp\u00e9e Pression et zip dor\u00e9s Coutures r\u00e9sistantes Lavable en machine (30\u00b0) Fait \u00e0 Marrakech Dimensions: &#8211; Longueur: 50 cm &#8211; Hauteur: 40 cm &#8211; Soufflet: 20 cm &#8211; Hauteur anses: 30 cm\" \/>\n<meta property=\"og:url\" content=\"https:\/\/marrakech-mon-amour.com\/en\/product\/cabas-week-end\/\" \/>\n<meta property=\"og:site_name\" content=\"Marrakech Mon Amour Concept Store Marrakech\" \/>\n<meta property=\"article:publisher\" content=\"https:\/\/instagram.com\/sookparis\" \/>\n<meta property=\"article:modified_time\" content=\"2025-05-27T18:19:55+00:00\" \/>\n<meta property=\"og:image\" content=\"https:\/\/marrakech-mon-amour.com\/wp-content\/uploads\/2025\/05\/DSC_0500-21-683x1024.jpg\" \/>\n\t<meta property=\"og:image:width\" content=\"683\" \/>\n\t<meta property=\"og:image:height\" content=\"1024\" \/>\n\t<meta property=\"og:image:type\" content=\"image\/jpeg\" \/>\n<meta name=\"twitter:card\" content=\"summary_large_image\" \/>\n<meta name=\"twitter:label1\" content=\"Est. reading time\" \/>\n\t<meta name=\"twitter:data1\" content=\"1 minute\" \/>\n<script type=\"application\/ld+json\" class=\"yoast-schema-graph\">{\"@context\":\"https:\/\/schema.org\",\"@graph\":[{\"@type\":\"WebPage\",\"@id\":\"https:\/\/marrakech-mon-amour.com\/product\/cabas-week-end\/\",\"url\":\"https:\/\/marrakech-mon-amour.com\/product\/cabas-week-end\/\",\"name\":\"Cabas \\\"WEEK-END\\\" - Marrakech Mon Amour Concept Store Marrakech\",\"isPartOf\":{\"@id\":\"https:\/\/marrakech-mon-amour.com\/#website\"},\"primaryImageOfPage\":{\"@id\":\"https:\/\/marrakech-mon-amour.com\/product\/cabas-week-end\/#primaryimage\"},\"image\":{\"@id\":\"https:\/\/marrakech-mon-amour.com\/product\/cabas-week-end\/#primaryimage\"},\"thumbnailUrl\":\"https:\/\/marrakech-mon-amour.com\/wp-content\/uploads\/2025\/05\/DSC_0500-21.jpg\",\"datePublished\":\"2025-05-07T16:32:38+00:00\",\"dateModified\":\"2025-05-27T18:19:55+00:00\",\"breadcrumb\":{\"@id\":\"https:\/\/marrakech-mon-amour.com\/product\/cabas-week-end\/#breadcrumb\"},\"inLanguage\":\"en-US\",\"potentialAction\":[{\"@type\":\"ReadAction\",\"target\":[\"https:\/\/marrakech-mon-amour.com\/product\/cabas-week-end\/\"]}]},{\"@type\":\"ImageObject\",\"inLanguage\":\"en-US\",\"@id\":\"https:\/\/marrakech-mon-amour.com\/product\/cabas-week-end\/#primaryimage\",\"url\":\"https:\/\/marrakech-mon-amour.com\/wp-content\/uploads\/2025\/05\/DSC_0500-21.jpg\",\"contentUrl\":\"https:\/\/marrakech-mon-amour.com\/wp-content\/uploads\/2025\/05\/DSC_0500-21.jpg\",\"width\":1667,\"height\":2500},{\"@type\":\"BreadcrumbList\",\"@id\":\"https:\/\/marrakech-mon-amour.com\/product\/cabas-week-end\/#breadcrumb\",\"itemListElement\":[{\"@type\":\"ListItem\",\"position\":1,\"name\":\"Accueil\",\"item\":\"https:\/\/marrakech-mon-amour.com\/\"},{\"@type\":\"ListItem\",\"position\":2,\"name\":\"Tous les produits\",\"item\":\"https:\/\/marrakech-mon-amour.com\/tous-les-produits\/\"},{\"@type\":\"ListItem\",\"position\":3,\"name\":\"Cabas \u00ab\u00a0WEEK-END\u00a0\u00bb\"}]},{\"@type\":\"WebSite\",\"@id\":\"https:\/\/marrakech-mon-amour.com\/#website\",\"url\":\"https:\/\/marrakech-mon-amour.com\/\",\"name\":\"Sook Paris Concept Store Marrakech\",\"description\":\"\",\"publisher\":{\"@id\":\"https:\/\/marrakech-mon-amour.com\/#organization\"},\"potentialAction\":[{\"@type\":\"SearchAction\",\"target\":{\"@type\":\"EntryPoint\",\"urlTemplate\":\"https:\/\/marrakech-mon-amour.com\/?s={search_term_string}\"},\"query-input\":{\"@type\":\"PropertyValueSpecification\",\"valueRequired\":true,\"valueName\":\"search_term_string\"}}],\"inLanguage\":\"en-US\"},{\"@type\":\"Organization\",\"@id\":\"https:\/\/marrakech-mon-amour.com\/#organization\",\"name\":\"Sook Paris Concept Store Marrakech\",\"url\":\"https:\/\/marrakech-mon-amour.com\/\",\"logo\":{\"@type\":\"ImageObject\",\"inLanguage\":\"en-US\",\"@id\":\"https:\/\/marrakech-mon-amour.com\/#\/schema\/logo\/image\/\",\"url\":\"https:\/\/marrakech-mon-amour.com\/wp-content\/uploads\/2025\/03\/Plan-de-travail-15@3x-1.png\",\"contentUrl\":\"https:\/\/marrakech-mon-amour.com\/wp-content\/uploads\/2025\/03\/Plan-de-travail-15@3x-1.png\",\"width\":836,\"height\":375,\"caption\":\"Sook Paris Concept Store Marrakech\"},\"image\":{\"@id\":\"https:\/\/marrakech-mon-amour.com\/#\/schema\/logo\/image\/\"},\"sameAs\":[\"https:\/\/instagram.com\/sookparis\"]}]}<\/script>\n<!-- \/ Yoast SEO plugin. -->","yoast_head_json":{"title":"Cabas \"WEEK-END\" - Marrakech Mon Amour Concept Store Marrakech","robots":{"index":"index","follow":"follow","max-snippet":"max-snippet:-1","max-image-preview":"max-image-preview:large","max-video-preview":"max-video-preview:-1"},"canonical":"https:\/\/marrakech-mon-amour.com\/en\/product\/cabas-week-end\/","og_locale":"en_US","og_type":"article","og_title":"Cabas \"WEEK-END\" - Marrakech Mon Amour Concept Store Marrakech","og_description":"Toile de jean Poche int\u00e9rieure zipp\u00e9e Pression et zip dor\u00e9s Coutures r\u00e9sistantes Lavable en machine (30\u00b0) Fait \u00e0 Marrakech Dimensions: &#8211; Longueur: 50 cm &#8211; Hauteur: 40 cm &#8211; Soufflet: 20 cm &#8211; Hauteur anses: 30 cm","og_url":"https:\/\/marrakech-mon-amour.com\/en\/product\/cabas-week-end\/","og_site_name":"Marrakech Mon Amour Concept Store Marrakech","article_publisher":"https:\/\/instagram.com\/sookparis","article_modified_time":"2025-05-27T18:19:55+00:00","og_image":[{"width":683,"height":1024,"url":"https:\/\/marrakech-mon-amour.com\/wp-content\/uploads\/2025\/05\/DSC_0500-21-683x1024.jpg","type":"image\/jpeg"}],"twitter_card":"summary_large_image","twitter_misc":{"Est. reading time":"1 minute"},"schema":{"@context":"https:\/\/schema.org","@graph":[{"@type":"WebPage","@id":"https:\/\/marrakech-mon-amour.com\/product\/cabas-week-end\/","url":"https:\/\/marrakech-mon-amour.com\/product\/cabas-week-end\/","name":"Cabas \"WEEK-END\" - Marrakech Mon Amour Concept Store Marrakech","isPartOf":{"@id":"https:\/\/marrakech-mon-amour.com\/#website"},"primaryImageOfPage":{"@id":"https:\/\/marrakech-mon-amour.com\/product\/cabas-week-end\/#primaryimage"},"image":{"@id":"https:\/\/marrakech-mon-amour.com\/product\/cabas-week-end\/#primaryimage"},"thumbnailUrl":"https:\/\/marrakech-mon-amour.com\/wp-content\/uploads\/2025\/05\/DSC_0500-21.jpg","datePublished":"2025-05-07T16:32:38+00:00","dateModified":"2025-05-27T18:19:55+00:00","breadcrumb":{"@id":"https:\/\/marrakech-mon-amour.com\/product\/cabas-week-end\/#breadcrumb"},"inLanguage":"en-US","potentialAction":[{"@type":"ReadAction","target":["https:\/\/marrakech-mon-amour.com\/product\/cabas-week-end\/"]}]},{"@type":"ImageObject","inLanguage":"en-US","@id":"https:\/\/marrakech-mon-amour.com\/product\/cabas-week-end\/#primaryimage","url":"https:\/\/marrakech-mon-amour.com\/wp-content\/uploads\/2025\/05\/DSC_0500-21.jpg","contentUrl":"https:\/\/marrakech-mon-amour.com\/wp-content\/uploads\/2025\/05\/DSC_0500-21.jpg","width":1667,"height":2500},{"@type":"BreadcrumbList","@id":"https:\/\/marrakech-mon-amour.com\/product\/cabas-week-end\/#breadcrumb","itemListElement":[{"@type":"ListItem","position":1,"name":"Accueil","item":"https:\/\/marrakech-mon-amour.com\/"},{"@type":"ListItem","position":2,"name":"Tous les produits","item":"https:\/\/marrakech-mon-amour.com\/tous-les-produits\/"},{"@type":"ListItem","position":3,"name":"Cabas \u00ab\u00a0WEEK-END\u00a0\u00bb"}]},{"@type":"WebSite","@id":"https:\/\/marrakech-mon-amour.com\/#website","url":"https:\/\/marrakech-mon-amour.com\/","name":"Sook Paris Concept Store Marrakech","description":"","publisher":{"@id":"https:\/\/marrakech-mon-amour.com\/#organization"},"potentialAction":[{"@type":"SearchAction","target":{"@type":"EntryPoint","urlTemplate":"https:\/\/marrakech-mon-amour.com\/?s={search_term_string}"},"query-input":{"@type":"PropertyValueSpecification","valueRequired":true,"valueName":"search_term_string"}}],"inLanguage":"en-US"},{"@type":"Organization","@id":"https:\/\/marrakech-mon-amour.com\/#organization","name":"Sook Paris Concept Store Marrakech","url":"https:\/\/marrakech-mon-amour.com\/","logo":{"@type":"ImageObject","inLanguage":"en-US","@id":"https:\/\/marrakech-mon-amour.com\/#\/schema\/logo\/image\/","url":"https:\/\/marrakech-mon-amour.com\/wp-content\/uploads\/2025\/03\/Plan-de-travail-15@3x-1.png","contentUrl":"https:\/\/marrakech-mon-amour.com\/wp-content\/uploads\/2025\/03\/Plan-de-travail-15@3x-1.png","width":836,"height":375,"caption":"Sook Paris Concept Store Marrakech"},"image":{"@id":"https:\/\/marrakech-mon-amour.com\/#\/schema\/logo\/image\/"},"sameAs":["https:\/\/instagram.com\/sookparis"]}]}},"_links":{"self":[{"href":"https:\/\/marrakech-mon-amour.com\/en\/wp-json\/wp\/v2\/product\/1473","targetHints":{"allow":["GET"]}}],"collection":[{"href":"https:\/\/marrakech-mon-amour.com\/en\/wp-json\/wp\/v2\/product"}],"about":[{"href":"https:\/\/marrakech-mon-amour.com\/en\/wp-json\/wp\/v2\/types\/product"}],"wp:featuredmedia":[{"embeddable":true,"href":"https:\/\/marrakech-mon-amour.com\/en\/wp-json\/wp\/v2\/media\/1475"}],"wp:attachment":[{"href":"https:\/\/marrakech-mon-amour.com\/en\/wp-json\/wp\/v2\/media?parent=1473"}],"wp:term":[{"taxonomy":"product_brand","embeddable":true,"href":"https:\/\/marrakech-mon-amour.com\/en\/wp-json\/wp\/v2\/product_brand?post=1473"},{"taxonomy":"product_cat","embeddable":true,"href":"https:\/\/marrakech-mon-amour.com\/en\/wp-json\/wp\/v2\/product_cat?post=1473"},{"taxonomy":"product_tag","embeddable":true,"href":"https:\/\/marrakech-mon-amour.com\/en\/wp-json\/wp\/v2\/product_tag?post=1473"}],"curies":[{"name":"wp","href":"https:\/\/api.w.org\/{rel}","templated":true}]}}