{"id":1078,"date":"2025-03-20T15:07:47","date_gmt":"2025-03-20T15:07:47","guid":{"rendered":"https:\/\/marrakech-mon-amour.com\/?post_type=product&#038;p=1078"},"modified":"2025-03-20T15:10:52","modified_gmt":"2025-03-20T15:10:52","slug":"pochette-caravane-s","status":"publish","type":"product","link":"https:\/\/marrakech-mon-amour.com\/en\/product\/pochette-caravane-s\/","title":{"rendered":"Caravan pocket 'S"},"content":{"rendered":"<p><span style=\"font-weight: 400;\">Tinted denim canvas<\/span><\/p>\n<p><span style=\"font-weight: 400;\">Reinforced corners<\/span><\/p>\n<p><span style=\"font-weight: 400;\">Marrakech mon amour patch in ecru cotton twill screen printed<\/span><\/p>\n<p><span style=\"font-weight: 400;\">Colors: Navy, Taupe<\/span><\/p>\n<p><span style=\"font-weight: 400;\">Machine washable (30\u00b0)<\/span><\/p>\n<p><span style=\"font-weight: 400;\">Made in Marrakech<\/span><\/p>\n<p><span style=\"font-weight: 400;\">\u00a0Dimensions<\/span><span style=\"font-weight: 400;\">:<\/span><\/p>\n<p><span style=\"font-weight: 400;\">- Length: 22 cm<\/span><span style=\"font-weight: 400;\"><br \/>\n<\/span><span style=\"font-weight: 400;\">- Height: 15.5 cm<\/span><\/p>","protected":false},"excerpt":{"rendered":"<p>Tinted denim Reinforced corners Patch Marrakech mon amour in ecru cotton twill Colours: Navy, Taupe Machine washable (30\u00b0) Made in Marrakech Dimensions: - Length: 22 cm - Height: 15.5 cm<\/p>","protected":false},"featured_media":1085,"template":"","meta":[],"product_brand":[],"product_cat":[29],"product_tag":[],"class_list":{"0":"post-1078","1":"product","2":"type-product","3":"status-publish","4":"has-post-thumbnail","6":"product_cat-pochettes","8":"first","9":"instock","10":"shipping-taxable","11":"purchasable","12":"product-type-variable","13":"wvs-archive-product-wrapper"},"yoast_head":"<!-- This site is optimized with the Yoast SEO plugin v24.9 - https:\/\/yoast.com\/wordpress\/plugins\/seo\/ -->\n<title>Pochette caravane \u2018S\u2019 - Marrakech Mon Amour Concept Store Marrakech<\/title>\n<meta name=\"robots\" content=\"index, follow, max-snippet:-1, max-image-preview:large, max-video-preview:-1\" \/>\n<link rel=\"canonical\" href=\"https:\/\/marrakech-mon-amour.com\/en\/product\/pochette-caravane-s\/\" \/>\n<meta property=\"og:locale\" content=\"en_US\" \/>\n<meta property=\"og:type\" content=\"article\" \/>\n<meta property=\"og:title\" content=\"Pochette caravane \u2018S\u2019 - Marrakech Mon Amour Concept Store Marrakech\" \/>\n<meta property=\"og:description\" content=\"Toile de jean teint\u00e9e Coins renforc\u00e9s Patch Marrakech mon amour en coton serge \u00e9cru s\u00e9rigraphi\u00e9 Couleurs: Marine, Taupe Lavable en machine (30\u00b0) Fait \u00e0 Marrakech \u00a0Dimensions: &#8211; Longueur: 22 cm &#8211; Hauteur: 15,5 cm\" \/>\n<meta property=\"og:url\" content=\"https:\/\/marrakech-mon-amour.com\/en\/product\/pochette-caravane-s\/\" \/>\n<meta property=\"og:site_name\" content=\"Marrakech Mon Amour Concept Store Marrakech\" \/>\n<meta property=\"article:publisher\" content=\"https:\/\/instagram.com\/sookparis\" \/>\n<meta property=\"article:modified_time\" content=\"2025-03-20T15:10:52+00:00\" \/>\n<meta property=\"og:image\" content=\"https:\/\/marrakech-mon-amour.com\/wp-content\/uploads\/2025\/03\/DSC_0161-copie.jpg\" \/>\n\t<meta property=\"og:image:width\" content=\"1875\" \/>\n\t<meta property=\"og:image:height\" content=\"2500\" \/>\n\t<meta property=\"og:image:type\" content=\"image\/jpeg\" \/>\n<meta name=\"twitter:card\" content=\"summary_large_image\" \/>\n<meta name=\"twitter:label1\" content=\"Est. reading time\" \/>\n\t<meta name=\"twitter:data1\" content=\"1 minute\" \/>\n<script type=\"application\/ld+json\" class=\"yoast-schema-graph\">{\"@context\":\"https:\/\/schema.org\",\"@graph\":[{\"@type\":\"WebPage\",\"@id\":\"https:\/\/marrakech-mon-amour.com\/product\/pochette-caravane-s\/\",\"url\":\"https:\/\/marrakech-mon-amour.com\/product\/pochette-caravane-s\/\",\"name\":\"Pochette caravane \u2018S\u2019 - Marrakech Mon Amour Concept Store Marrakech\",\"isPartOf\":{\"@id\":\"https:\/\/marrakech-mon-amour.com\/#website\"},\"primaryImageOfPage\":{\"@id\":\"https:\/\/marrakech-mon-amour.com\/product\/pochette-caravane-s\/#primaryimage\"},\"image\":{\"@id\":\"https:\/\/marrakech-mon-amour.com\/product\/pochette-caravane-s\/#primaryimage\"},\"thumbnailUrl\":\"https:\/\/marrakech-mon-amour.com\/wp-content\/uploads\/2025\/03\/DSC_0161-copie.jpg\",\"datePublished\":\"2025-03-20T15:07:47+00:00\",\"dateModified\":\"2025-03-20T15:10:52+00:00\",\"breadcrumb\":{\"@id\":\"https:\/\/marrakech-mon-amour.com\/product\/pochette-caravane-s\/#breadcrumb\"},\"inLanguage\":\"en-US\",\"potentialAction\":[{\"@type\":\"ReadAction\",\"target\":[\"https:\/\/marrakech-mon-amour.com\/product\/pochette-caravane-s\/\"]}]},{\"@type\":\"ImageObject\",\"inLanguage\":\"en-US\",\"@id\":\"https:\/\/marrakech-mon-amour.com\/product\/pochette-caravane-s\/#primaryimage\",\"url\":\"https:\/\/marrakech-mon-amour.com\/wp-content\/uploads\/2025\/03\/DSC_0161-copie.jpg\",\"contentUrl\":\"https:\/\/marrakech-mon-amour.com\/wp-content\/uploads\/2025\/03\/DSC_0161-copie.jpg\",\"width\":1875,\"height\":2500},{\"@type\":\"BreadcrumbList\",\"@id\":\"https:\/\/marrakech-mon-amour.com\/product\/pochette-caravane-s\/#breadcrumb\",\"itemListElement\":[{\"@type\":\"ListItem\",\"position\":1,\"name\":\"Accueil\",\"item\":\"https:\/\/marrakech-mon-amour.com\/\"},{\"@type\":\"ListItem\",\"position\":2,\"name\":\"Tous les produits\",\"item\":\"https:\/\/marrakech-mon-amour.com\/tous-les-produits\/\"},{\"@type\":\"ListItem\",\"position\":3,\"name\":\"Pochette caravane \u2018S\u2019\"}]},{\"@type\":\"WebSite\",\"@id\":\"https:\/\/marrakech-mon-amour.com\/#website\",\"url\":\"https:\/\/marrakech-mon-amour.com\/\",\"name\":\"Sook Paris Concept Store Marrakech\",\"description\":\"\",\"publisher\":{\"@id\":\"https:\/\/marrakech-mon-amour.com\/#organization\"},\"potentialAction\":[{\"@type\":\"SearchAction\",\"target\":{\"@type\":\"EntryPoint\",\"urlTemplate\":\"https:\/\/marrakech-mon-amour.com\/?s={search_term_string}\"},\"query-input\":{\"@type\":\"PropertyValueSpecification\",\"valueRequired\":true,\"valueName\":\"search_term_string\"}}],\"inLanguage\":\"en-US\"},{\"@type\":\"Organization\",\"@id\":\"https:\/\/marrakech-mon-amour.com\/#organization\",\"name\":\"Sook Paris Concept Store Marrakech\",\"url\":\"https:\/\/marrakech-mon-amour.com\/\",\"logo\":{\"@type\":\"ImageObject\",\"inLanguage\":\"en-US\",\"@id\":\"https:\/\/marrakech-mon-amour.com\/#\/schema\/logo\/image\/\",\"url\":\"https:\/\/marrakech-mon-amour.com\/wp-content\/uploads\/2025\/03\/Plan-de-travail-15@3x-1.png\",\"contentUrl\":\"https:\/\/marrakech-mon-amour.com\/wp-content\/uploads\/2025\/03\/Plan-de-travail-15@3x-1.png\",\"width\":836,\"height\":375,\"caption\":\"Sook Paris Concept Store Marrakech\"},\"image\":{\"@id\":\"https:\/\/marrakech-mon-amour.com\/#\/schema\/logo\/image\/\"},\"sameAs\":[\"https:\/\/instagram.com\/sookparis\"]}]}<\/script>\n<!-- \/ Yoast SEO plugin. -->","yoast_head_json":{"title":"Pochette caravane \u2018S\u2019 - Marrakech Mon Amour Concept Store Marrakech","robots":{"index":"index","follow":"follow","max-snippet":"max-snippet:-1","max-image-preview":"max-image-preview:large","max-video-preview":"max-video-preview:-1"},"canonical":"https:\/\/marrakech-mon-amour.com\/en\/product\/pochette-caravane-s\/","og_locale":"en_US","og_type":"article","og_title":"Pochette caravane \u2018S\u2019 - Marrakech Mon Amour Concept Store Marrakech","og_description":"Toile de jean teint\u00e9e Coins renforc\u00e9s Patch Marrakech mon amour en coton serge \u00e9cru s\u00e9rigraphi\u00e9 Couleurs: Marine, Taupe Lavable en machine (30\u00b0) Fait \u00e0 Marrakech \u00a0Dimensions: &#8211; Longueur: 22 cm &#8211; Hauteur: 15,5 cm","og_url":"https:\/\/marrakech-mon-amour.com\/en\/product\/pochette-caravane-s\/","og_site_name":"Marrakech Mon Amour Concept Store Marrakech","article_publisher":"https:\/\/instagram.com\/sookparis","article_modified_time":"2025-03-20T15:10:52+00:00","og_image":[{"width":1875,"height":2500,"url":"https:\/\/marrakech-mon-amour.com\/wp-content\/uploads\/2025\/03\/DSC_0161-copie.jpg","type":"image\/jpeg"}],"twitter_card":"summary_large_image","twitter_misc":{"Est. reading time":"1 minute"},"schema":{"@context":"https:\/\/schema.org","@graph":[{"@type":"WebPage","@id":"https:\/\/marrakech-mon-amour.com\/product\/pochette-caravane-s\/","url":"https:\/\/marrakech-mon-amour.com\/product\/pochette-caravane-s\/","name":"Pochette caravane \u2018S\u2019 - Marrakech Mon Amour Concept Store Marrakech","isPartOf":{"@id":"https:\/\/marrakech-mon-amour.com\/#website"},"primaryImageOfPage":{"@id":"https:\/\/marrakech-mon-amour.com\/product\/pochette-caravane-s\/#primaryimage"},"image":{"@id":"https:\/\/marrakech-mon-amour.com\/product\/pochette-caravane-s\/#primaryimage"},"thumbnailUrl":"https:\/\/marrakech-mon-amour.com\/wp-content\/uploads\/2025\/03\/DSC_0161-copie.jpg","datePublished":"2025-03-20T15:07:47+00:00","dateModified":"2025-03-20T15:10:52+00:00","breadcrumb":{"@id":"https:\/\/marrakech-mon-amour.com\/product\/pochette-caravane-s\/#breadcrumb"},"inLanguage":"en-US","potentialAction":[{"@type":"ReadAction","target":["https:\/\/marrakech-mon-amour.com\/product\/pochette-caravane-s\/"]}]},{"@type":"ImageObject","inLanguage":"en-US","@id":"https:\/\/marrakech-mon-amour.com\/product\/pochette-caravane-s\/#primaryimage","url":"https:\/\/marrakech-mon-amour.com\/wp-content\/uploads\/2025\/03\/DSC_0161-copie.jpg","contentUrl":"https:\/\/marrakech-mon-amour.com\/wp-content\/uploads\/2025\/03\/DSC_0161-copie.jpg","width":1875,"height":2500},{"@type":"BreadcrumbList","@id":"https:\/\/marrakech-mon-amour.com\/product\/pochette-caravane-s\/#breadcrumb","itemListElement":[{"@type":"ListItem","position":1,"name":"Accueil","item":"https:\/\/marrakech-mon-amour.com\/"},{"@type":"ListItem","position":2,"name":"Tous les produits","item":"https:\/\/marrakech-mon-amour.com\/tous-les-produits\/"},{"@type":"ListItem","position":3,"name":"Pochette caravane \u2018S\u2019"}]},{"@type":"WebSite","@id":"https:\/\/marrakech-mon-amour.com\/#website","url":"https:\/\/marrakech-mon-amour.com\/","name":"Sook Paris Concept Store Marrakech","description":"","publisher":{"@id":"https:\/\/marrakech-mon-amour.com\/#organization"},"potentialAction":[{"@type":"SearchAction","target":{"@type":"EntryPoint","urlTemplate":"https:\/\/marrakech-mon-amour.com\/?s={search_term_string}"},"query-input":{"@type":"PropertyValueSpecification","valueRequired":true,"valueName":"search_term_string"}}],"inLanguage":"en-US"},{"@type":"Organization","@id":"https:\/\/marrakech-mon-amour.com\/#organization","name":"Sook Paris Concept Store Marrakech","url":"https:\/\/marrakech-mon-amour.com\/","logo":{"@type":"ImageObject","inLanguage":"en-US","@id":"https:\/\/marrakech-mon-amour.com\/#\/schema\/logo\/image\/","url":"https:\/\/marrakech-mon-amour.com\/wp-content\/uploads\/2025\/03\/Plan-de-travail-15@3x-1.png","contentUrl":"https:\/\/marrakech-mon-amour.com\/wp-content\/uploads\/2025\/03\/Plan-de-travail-15@3x-1.png","width":836,"height":375,"caption":"Sook Paris Concept Store Marrakech"},"image":{"@id":"https:\/\/marrakech-mon-amour.com\/#\/schema\/logo\/image\/"},"sameAs":["https:\/\/instagram.com\/sookparis"]}]}},"_links":{"self":[{"href":"https:\/\/marrakech-mon-amour.com\/en\/wp-json\/wp\/v2\/product\/1078","targetHints":{"allow":["GET"]}}],"collection":[{"href":"https:\/\/marrakech-mon-amour.com\/en\/wp-json\/wp\/v2\/product"}],"about":[{"href":"https:\/\/marrakech-mon-amour.com\/en\/wp-json\/wp\/v2\/types\/product"}],"wp:featuredmedia":[{"embeddable":true,"href":"https:\/\/marrakech-mon-amour.com\/en\/wp-json\/wp\/v2\/media\/1085"}],"wp:attachment":[{"href":"https:\/\/marrakech-mon-amour.com\/en\/wp-json\/wp\/v2\/media?parent=1078"}],"wp:term":[{"taxonomy":"product_brand","embeddable":true,"href":"https:\/\/marrakech-mon-amour.com\/en\/wp-json\/wp\/v2\/product_brand?post=1078"},{"taxonomy":"product_cat","embeddable":true,"href":"https:\/\/marrakech-mon-amour.com\/en\/wp-json\/wp\/v2\/product_cat?post=1078"},{"taxonomy":"product_tag","embeddable":true,"href":"https:\/\/marrakech-mon-amour.com\/en\/wp-json\/wp\/v2\/product_tag?post=1078"}],"curies":[{"name":"wp","href":"https:\/\/api.w.org\/{rel}","templated":true}]}}