{"id":3,"date":"2025-03-07T23:14:16","date_gmt":"2025-03-07T23:14:16","guid":{"rendered":"https:\/\/marrakech-mon-amour.com\/?page_id=3"},"modified":"2025-03-08T16:28:33","modified_gmt":"2025-03-08T16:28:33","slug":"privacy-policy","status":"publish","type":"page","link":"https:\/\/marrakech-mon-amour.com\/en\/privacy-policy\/","title":{"rendered":"Terms of use"},"content":{"rendered":"<div style=\"height:39px\" aria-hidden=\"true\" class=\"wp-block-spacer\"><\/div>\n\n\n\n<h2 class=\"wp-block-heading\"><strong>Terms of use<\/strong><\/h2>\n\n\n\n<div style=\"height:39px\" aria-hidden=\"true\" class=\"wp-block-spacer\"><\/div>\n\n\n\n<ol class=\"wp-block-list\">\n<li><strong>Introducing our website<\/strong><\/li>\n<\/ol>\n\n\n\n<p>In accordance with French law 2004-2005 of June 21, 2004 on confidence in the digital economy, our website, created by Sook Paris, provides the public with information about our company.<\/p>\n\n\n\n<p>The CMS used to create the website <a href=\"https:\/\/marrakech-mon-amour.com\/en\/\">www.sook-paris.com<\/a> is Shopify whose address is : <a href=\"http:\/\/www.shopify.com\/\">www.shopify.com<\/a>.<\/p>\n\n\n\n<p>Our legal notices are subject to change without notice, so please consult them as often as possible.<\/p>\n\n\n\n<p>Le site <a href=\"https:\/\/marrakech-mon-amour.com\/en\/\">www.sook-paris.com<\/a> belongs to :<\/p>\n\n\n\n<p>the Sook paris company<\/p>\n\n\n\n<p>Address: Sook Paris, rue des vieux Marrakchis, 40000 Marrakech, MOROCCO.<\/p>\n\n\n\n<p>E-mail : <a href=\"mailto:contact@marrakech-mon-amour.com\">contact@marrakech-mon-amour.com<\/a><\/p>\n\n\n\n<p>Jonathan Marouani is responsible for the publication. His e-mail address is : <a href=\"mailto:contact@marrakech-mon-amour.com\">contact@marrakech-mon-amour.com<\/a> and <a href=\"https:\/\/marrakech-mon-amour.com\/en\/\">sook-paris.com<\/a><\/p>\n\n\n\n<p>The website <a href=\"https:\/\/marrakech-mon-amour.com\/en\/\">www.sook-paris.com<\/a> is hosted by Shopify.<\/p>\n\n\n\n<ol start=\"2\" class=\"wp-block-list\">\n<li><strong>General conditions of use of the site and the services offered.<\/strong><\/li>\n<\/ol>\n\n\n\n<p>Using our website <a href=\"https:\/\/marrakech-mon-amour.com\/en\/\">www.sook-paris.com<\/a>by using this website, you fully accept the terms and conditions of use specified in our legal notice. Accessible to all types of visitors, it is important to note that Sook paris may decide to interrupt the website for maintenance purposes. The dates and times of interruptions will nevertheless be specified in advance to users.<\/p>\n\n\n\n<ol start=\"3\" class=\"wp-block-list\">\n<li><strong>The products or services offered by <a href=\"https:\/\/marrakech-mon-amour.com\/en\/\">www.sook-paris.com<\/a><\/strong><\/li>\n<\/ol>\n\n\n\n<p>In line with its communication policy, the <a href=\"https:\/\/marrakech-mon-amour.com\/en\/\">www.sook-paris.com<\/a> is intended to inform users about the services offered by Sook Paris, which endeavors to provide accurate information about its business. However, inaccuracies or omissions may occur, and the company can under no circumstances be held responsible for any errors on the site. <a href=\"https:\/\/marrakech-mon-amour.com\/en\/\">www.sook-paris.com<\/a><\/p>\n\n\n\n<ol start=\"4\" class=\"wp-block-list\">\n<li><strong>&nbsp;Contractual limitations<\/strong><\/li>\n<\/ol>\n\n\n\n<p>Information published on our website <a href=\"https:\/\/marrakech-mon-amour.com\/en\/\">www.sook-paris.com<\/a> are subject to quality control to ensure their reliability. However, we cannot be held responsible for any technical inaccuracies in our explanations.<\/p>\n\n\n\n<p>If you notice an error concerning information that we may have omitted, please do not hesitate to notify us by e-mail to <a href=\"mailto:contact@marrakech-mon-amour.com\">contact@marrakech-mon-amour.com<\/a><\/p>\n\n\n\n<p>Links directly or indirectly to our website <a href=\"https:\/\/marrakech-mon-amour.com\/en\/\">www.sook-paris.com<\/a> are not under the control of our company. Consequently, we cannot guarantee the accuracy of the information on these other websites.<\/p>\n\n\n\n<p>Le site <a href=\"https:\/\/marrakech-mon-amour.com\/en\/\">www.sook-paris.com<\/a> cannot be held responsible for any material damage resulting from its use. In addition, any other type of consequence linked to the use of the site <a href=\"https:\/\/marrakech-mon-amour.com\/en\/\">www.sook-paris.com<\/a>We will not be held liable for any direct or indirect damage (bug, incompatibility, virus, loss of market, etc.).<\/p>\n\n\n\n<ol start=\"5\" class=\"wp-block-list\">\n<li><strong>Intellectual property and website content<\/strong><\/li>\n<\/ol>\n\n\n\n<p>Website editorial content <a href=\"https:\/\/marrakech-mon-amour.com\/en\/\">www.sook-paris.com<\/a> belongs exclusively to Sook paris. Any infringement of copyright is punishable under article L.335-2 of the French Intellectual Property Code, with a penalty of 2 years' imprisonment and a \u20ac150,000 fine.<\/p>\n\n\n\n<p>Le site <a href=\"https:\/\/marrakech-mon-amour.com\/en\/\">www.sook-paris.com<\/a> cannot be held liable for any abusive, racist, defamatory or pornographic comments exchanged in interactive areas. The company also reserves the right to delete any content contrary to the company's values or to legislation applicable in France.<\/p>\n\n\n\n<p>Browsing the site <a href=\"https:\/\/marrakech-mon-amour.com\/en\/\">www.sook-paris.com<\/a>The user also accepts that cookies may be installed on his or her computer.<\/p>\n\n\n\n<ol start=\"6\" class=\"wp-block-list\">\n<li><strong>Personal data, respecting your privacy and freedoms<\/strong><\/li>\n<\/ol>\n\n\n\n<p>All information collected on the website <a href=\"https:\/\/marrakech-mon-amour.com\/en\/\">www.sook-paris.com<\/a> are made in the context of the needs linked to the use of our platform, such as the order form or the Newsletter subscription request. You can also unsubscribe from the newsletter by clicking on the link at the foot of the page.<\/p>\n\n\n\n<p>Sook paris undertakes not to transfer information concerning users of the website in any way whatsoever (sale, exchange, loan, rental, donation).<\/p>\n\n\n\n<p>In accordance with the French Data Protection Act of January 6, 1978, amended in 2004, the user has the right to access and rectify any information concerning him or her. This right may be exercised at any time by sending an e-mail to the following address <a href=\"mailto:contact@marrakech-mon-amour.com\">contact@marrakech-mon-amour.com<\/a>or by sending a request by post to the following address:<\/p>\n\n\n\n<p>Sook Paris, rue des vieux Marrakchis, 40000 Marrakech, MOROCCO<\/p>\n\n\n\n<ol start=\"7\" class=\"wp-block-list\">\n<li><strong>Applicable law and laws concerned<\/strong><\/li>\n<\/ol>\n\n\n\n<p>Subject to French law, the website <a href=\"https:\/\/marrakech-mon-amour.com\/en\/\">www.sook-paris.com<\/a> is governed by law 2004-2005 of June 21, 2004 on confidence in the digital economy, article L.335-2 of the French Intellectual Property Code and the French Data Protection Act of January 6, 1978, amended in 2004.<\/p>","protected":false},"excerpt":{"rendered":"<p>Legal information In accordance with French law no. 2004-2005 of June 21, 2004 on confidence in the digital economy, our website, created by Sook Paris, provides information about our company. The CMS used to create the site...<\/p>","protected":false},"author":1,"featured_media":0,"parent":0,"menu_order":0,"comment_status":"closed","ping_status":"open","template":"","meta":{"footnotes":""},"class_list":["post-3","page","type-page","status-publish","hentry"],"yoast_head":"<!-- This site is optimized with the Yoast SEO plugin v24.9 - https:\/\/yoast.com\/wordpress\/plugins\/seo\/ -->\n<title>Mentions l\u00e9gales - Marrakech Mon Amour Concept Store Marrakech<\/title>\n<meta name=\"robots\" content=\"index, follow, max-snippet:-1, max-image-preview:large, max-video-preview:-1\" \/>\n<link rel=\"canonical\" href=\"https:\/\/marrakech-mon-amour.com\/en\/privacy-policy\/\" \/>\n<meta property=\"og:locale\" content=\"en_US\" \/>\n<meta property=\"og:type\" content=\"article\" \/>\n<meta property=\"og:title\" content=\"Mentions l\u00e9gales - Marrakech Mon Amour Concept Store Marrakech\" \/>\n<meta property=\"og:description\" content=\"Mentions l\u00e9gales Conform\u00e9ment \u00e0 la loi n\u00b0 2004-2005 du 21 juin 2004 pour la confiance dans l&rsquo;\u00e9conomie num\u00e9rique, notre site web cr\u00e9\u00e9 par la soci\u00e9t\u00e9 Sook paris, met \u00e0 disposition du public les informations concernant notre entreprise. Le CMS utilis\u00e9 pour la cr\u00e9ation du site...\" \/>\n<meta property=\"og:url\" content=\"https:\/\/marrakech-mon-amour.com\/en\/privacy-policy\/\" \/>\n<meta property=\"og:site_name\" content=\"Marrakech Mon Amour Concept Store Marrakech\" \/>\n<meta property=\"article:publisher\" content=\"https:\/\/instagram.com\/sookparis\" \/>\n<meta property=\"article:modified_time\" content=\"2025-03-08T16:28:33+00:00\" \/>\n<meta name=\"twitter:card\" content=\"summary_large_image\" \/>\n<meta name=\"twitter:label1\" content=\"Est. reading time\" \/>\n\t<meta name=\"twitter:data1\" content=\"4 minutes\" \/>\n<script type=\"application\/ld+json\" class=\"yoast-schema-graph\">{\"@context\":\"https:\/\/schema.org\",\"@graph\":[{\"@type\":\"WebPage\",\"@id\":\"https:\/\/marrakech-mon-amour.com\/privacy-policy\/\",\"url\":\"https:\/\/marrakech-mon-amour.com\/privacy-policy\/\",\"name\":\"Mentions l\u00e9gales - Marrakech Mon Amour Concept Store Marrakech\",\"isPartOf\":{\"@id\":\"https:\/\/marrakech-mon-amour.com\/#website\"},\"datePublished\":\"2025-03-07T23:14:16+00:00\",\"dateModified\":\"2025-03-08T16:28:33+00:00\",\"breadcrumb\":{\"@id\":\"https:\/\/marrakech-mon-amour.com\/privacy-policy\/#breadcrumb\"},\"inLanguage\":\"en-US\",\"potentialAction\":[{\"@type\":\"ReadAction\",\"target\":[\"https:\/\/marrakech-mon-amour.com\/privacy-policy\/\"]}]},{\"@type\":\"BreadcrumbList\",\"@id\":\"https:\/\/marrakech-mon-amour.com\/privacy-policy\/#breadcrumb\",\"itemListElement\":[{\"@type\":\"ListItem\",\"position\":1,\"name\":\"Accueil\",\"item\":\"https:\/\/marrakech-mon-amour.com\/\"},{\"@type\":\"ListItem\",\"position\":2,\"name\":\"Mentions l\u00e9gales\"}]},{\"@type\":\"WebSite\",\"@id\":\"https:\/\/marrakech-mon-amour.com\/#website\",\"url\":\"https:\/\/marrakech-mon-amour.com\/\",\"name\":\"Sook Paris Concept Store Marrakech\",\"description\":\"\",\"publisher\":{\"@id\":\"https:\/\/marrakech-mon-amour.com\/#organization\"},\"potentialAction\":[{\"@type\":\"SearchAction\",\"target\":{\"@type\":\"EntryPoint\",\"urlTemplate\":\"https:\/\/marrakech-mon-amour.com\/?s={search_term_string}\"},\"query-input\":{\"@type\":\"PropertyValueSpecification\",\"valueRequired\":true,\"valueName\":\"search_term_string\"}}],\"inLanguage\":\"en-US\"},{\"@type\":\"Organization\",\"@id\":\"https:\/\/marrakech-mon-amour.com\/#organization\",\"name\":\"Sook Paris Concept Store Marrakech\",\"url\":\"https:\/\/marrakech-mon-amour.com\/\",\"logo\":{\"@type\":\"ImageObject\",\"inLanguage\":\"en-US\",\"@id\":\"https:\/\/marrakech-mon-amour.com\/#\/schema\/logo\/image\/\",\"url\":\"https:\/\/marrakech-mon-amour.com\/wp-content\/uploads\/2025\/03\/Plan-de-travail-15@3x-1.png\",\"contentUrl\":\"https:\/\/marrakech-mon-amour.com\/wp-content\/uploads\/2025\/03\/Plan-de-travail-15@3x-1.png\",\"width\":836,\"height\":375,\"caption\":\"Sook Paris Concept Store Marrakech\"},\"image\":{\"@id\":\"https:\/\/marrakech-mon-amour.com\/#\/schema\/logo\/image\/\"},\"sameAs\":[\"https:\/\/instagram.com\/sookparis\"]}]}<\/script>\n<!-- \/ Yoast SEO plugin. -->","yoast_head_json":{"title":"Mentions l\u00e9gales - Marrakech Mon Amour Concept Store Marrakech","robots":{"index":"index","follow":"follow","max-snippet":"max-snippet:-1","max-image-preview":"max-image-preview:large","max-video-preview":"max-video-preview:-1"},"canonical":"https:\/\/marrakech-mon-amour.com\/en\/privacy-policy\/","og_locale":"en_US","og_type":"article","og_title":"Mentions l\u00e9gales - Marrakech Mon Amour Concept Store Marrakech","og_description":"Mentions l\u00e9gales Conform\u00e9ment \u00e0 la loi n\u00b0 2004-2005 du 21 juin 2004 pour la confiance dans l&rsquo;\u00e9conomie num\u00e9rique, notre site web cr\u00e9\u00e9 par la soci\u00e9t\u00e9 Sook paris, met \u00e0 disposition du public les informations concernant notre entreprise. Le CMS utilis\u00e9 pour la cr\u00e9ation du site...","og_url":"https:\/\/marrakech-mon-amour.com\/en\/privacy-policy\/","og_site_name":"Marrakech Mon Amour Concept Store Marrakech","article_publisher":"https:\/\/instagram.com\/sookparis","article_modified_time":"2025-03-08T16:28:33+00:00","twitter_card":"summary_large_image","twitter_misc":{"Est. reading time":"4 minutes"},"schema":{"@context":"https:\/\/schema.org","@graph":[{"@type":"WebPage","@id":"https:\/\/marrakech-mon-amour.com\/privacy-policy\/","url":"https:\/\/marrakech-mon-amour.com\/privacy-policy\/","name":"Mentions l\u00e9gales - Marrakech Mon Amour Concept Store Marrakech","isPartOf":{"@id":"https:\/\/marrakech-mon-amour.com\/#website"},"datePublished":"2025-03-07T23:14:16+00:00","dateModified":"2025-03-08T16:28:33+00:00","breadcrumb":{"@id":"https:\/\/marrakech-mon-amour.com\/privacy-policy\/#breadcrumb"},"inLanguage":"en-US","potentialAction":[{"@type":"ReadAction","target":["https:\/\/marrakech-mon-amour.com\/privacy-policy\/"]}]},{"@type":"BreadcrumbList","@id":"https:\/\/marrakech-mon-amour.com\/privacy-policy\/#breadcrumb","itemListElement":[{"@type":"ListItem","position":1,"name":"Accueil","item":"https:\/\/marrakech-mon-amour.com\/"},{"@type":"ListItem","position":2,"name":"Mentions l\u00e9gales"}]},{"@type":"WebSite","@id":"https:\/\/marrakech-mon-amour.com\/#website","url":"https:\/\/marrakech-mon-amour.com\/","name":"Sook Paris Concept Store Marrakech","description":"","publisher":{"@id":"https:\/\/marrakech-mon-amour.com\/#organization"},"potentialAction":[{"@type":"SearchAction","target":{"@type":"EntryPoint","urlTemplate":"https:\/\/marrakech-mon-amour.com\/?s={search_term_string}"},"query-input":{"@type":"PropertyValueSpecification","valueRequired":true,"valueName":"search_term_string"}}],"inLanguage":"en-US"},{"@type":"Organization","@id":"https:\/\/marrakech-mon-amour.com\/#organization","name":"Sook Paris Concept Store Marrakech","url":"https:\/\/marrakech-mon-amour.com\/","logo":{"@type":"ImageObject","inLanguage":"en-US","@id":"https:\/\/marrakech-mon-amour.com\/#\/schema\/logo\/image\/","url":"https:\/\/marrakech-mon-amour.com\/wp-content\/uploads\/2025\/03\/Plan-de-travail-15@3x-1.png","contentUrl":"https:\/\/marrakech-mon-amour.com\/wp-content\/uploads\/2025\/03\/Plan-de-travail-15@3x-1.png","width":836,"height":375,"caption":"Sook Paris Concept Store Marrakech"},"image":{"@id":"https:\/\/marrakech-mon-amour.com\/#\/schema\/logo\/image\/"},"sameAs":["https:\/\/instagram.com\/sookparis"]}]}},"_links":{"self":[{"href":"https:\/\/marrakech-mon-amour.com\/en\/wp-json\/wp\/v2\/pages\/3","targetHints":{"allow":["GET"]}}],"collection":[{"href":"https:\/\/marrakech-mon-amour.com\/en\/wp-json\/wp\/v2\/pages"}],"about":[{"href":"https:\/\/marrakech-mon-amour.com\/en\/wp-json\/wp\/v2\/types\/page"}],"author":[{"embeddable":true,"href":"https:\/\/marrakech-mon-amour.com\/en\/wp-json\/wp\/v2\/users\/1"}],"replies":[{"embeddable":true,"href":"https:\/\/marrakech-mon-amour.com\/en\/wp-json\/wp\/v2\/comments?post=3"}],"version-history":[{"count":1,"href":"https:\/\/marrakech-mon-amour.com\/en\/wp-json\/wp\/v2\/pages\/3\/revisions"}],"predecessor-version":[{"id":716,"href":"https:\/\/marrakech-mon-amour.com\/en\/wp-json\/wp\/v2\/pages\/3\/revisions\/716"}],"wp:attachment":[{"href":"https:\/\/marrakech-mon-amour.com\/en\/wp-json\/wp\/v2\/media?parent=3"}],"curies":[{"name":"wp","href":"https:\/\/api.w.org\/{rel}","templated":true}]}}