{"id":19,"date":"2020-06-17T10:12:42","date_gmt":"2020-06-17T10:12:42","guid":{"rendered":"https:\/\/stockholm58.qodeinteractive.com\/?page_id=19"},"modified":"2025-04-10T10:52:31","modified_gmt":"2025-04-10T10:52:31","slug":"about","status":"publish","type":"page","link":"https:\/\/marrakech-mon-amour.com\/en\/about\/","title":{"rendered":"About"},"content":{"rendered":"<div data-elementor-type=\"wp-page\" data-elementor-id=\"19\" class=\"elementor elementor-19\" data-elementor-settings=\"{&quot;ha_cmc_init_switcher&quot;:&quot;no&quot;}\" data-elementor-post-type=\"page\">\n\t\t\t\t\t\t<section class=\"elementor-section elementor-top-section elementor-element elementor-element-2bf79116 qode_elementor_container_inner elementor-section-boxed elementor-section-height-default elementor-section-height-default parallax_section_no qode-content-aligment-left\" data-id=\"2bf79116\" data-element_type=\"section\" data-settings=\"{&quot;jet_parallax_layout_list&quot;:[],&quot;_ha_eqh_enable&quot;:false}\">\n\t\t\t\t\t\t<div class=\"elementor-container elementor-column-gap-default\">\n\t\t\t\t\t<div class=\"elementor-column elementor-col-50 elementor-top-column elementor-element elementor-element-78bf7f5d\" data-id=\"78bf7f5d\" data-element_type=\"column\">\n\t\t\t<div class=\"elementor-widget-wrap elementor-element-populated\">\n\t\t\t\t\t\t<div class=\"elementor-element elementor-element-c8a7cd0 elementor-widget elementor-widget-heading\" data-id=\"c8a7cd0\" data-element_type=\"widget\" data-widget_type=\"heading.default\">\n\t\t\t\t<div class=\"elementor-widget-container\">\n\t\t\t\t\t<h5 class=\"elementor-heading-title elementor-size-default\">LOVE, SUNSHINE, A VIBE<br><\/h5>\t\t\t\t<\/div>\n\t\t\t\t<\/div>\n\t\t\t\t<div class=\"elementor-element elementor-element-57e8912e elementor-widget__width-initial elementor-widget elementor-widget-text-editor\" data-id=\"57e8912e\" data-element_type=\"widget\" data-widget_type=\"text-editor.default\">\n\t\t\t\t<div class=\"elementor-widget-container\">\n\t\t\t\t\t\t\t\t\t<p><span style=\"color: #fae5c5;\">Marrakech is a city that leaves a lasting impression on us. During the health crisis, our love for Marrakech turned into a mission to support local artisans, and \"Marrakech mon amour\" was born.<\/span><\/p><p><span style=\"color: #fae5c5;\">\u00a0<\/span><\/p><p><span style=\"color: #fae5c5;\">Our concept: to offer you casual and unisex products, made first and foremost locally by the artisans who surround us. Wearable clothes made to live with you, in natural materials that will remind you of the Marrakech vibe all year round.<\/span><\/p>\t\t\t\t\t\t\t\t<\/div>\n\t\t\t\t<\/div>\n\t\t\t\t\t<\/div>\n\t\t<\/div>\n\t\t\t\t<div class=\"elementor-column elementor-col-50 elementor-top-column elementor-element elementor-element-46ff3eda\" data-id=\"46ff3eda\" data-element_type=\"column\">\n\t\t\t<div class=\"elementor-widget-wrap elementor-element-populated\">\n\t\t\t\t\t\t<div class=\"elementor-element elementor-element-79651ddf elementor-widget__width-initial elementor-widget elementor-widget-image\" data-id=\"79651ddf\" data-element_type=\"widget\" data-widget_type=\"image.default\">\n\t\t\t\t<div class=\"elementor-widget-container\">\n\t\t\t\t\t\t\t\t\t\t\t\t\t\t\t<img fetchpriority=\"high\" decoding=\"async\" width=\"1064\" height=\"1336\" src=\"https:\/\/marrakech-mon-amour.com\/wp-content\/uploads\/2025\/03\/ABOUT-011.jpg\" class=\"attachment-full size-full wp-image-1267 wvs-archive-product-image\" alt=\"\" srcset=\"https:\/\/marrakech-mon-amour.com\/wp-content\/uploads\/2025\/03\/ABOUT-011.jpg 1064w, https:\/\/marrakech-mon-amour.com\/wp-content\/uploads\/2025\/03\/ABOUT-011-239x300.jpg 239w, https:\/\/marrakech-mon-amour.com\/wp-content\/uploads\/2025\/03\/ABOUT-011-816x1024.jpg 816w, https:\/\/marrakech-mon-amour.com\/wp-content\/uploads\/2025\/03\/ABOUT-011-768x964.jpg 768w, https:\/\/marrakech-mon-amour.com\/wp-content\/uploads\/2025\/03\/ABOUT-011-10x12.jpg 10w, https:\/\/marrakech-mon-amour.com\/wp-content\/uploads\/2025\/03\/ABOUT-011-700x879.jpg 700w, https:\/\/marrakech-mon-amour.com\/wp-content\/uploads\/2025\/03\/ABOUT-011-600x753.jpg 600w\" sizes=\"(max-width: 1064px) 100vw, 1064px\" \/>\t\t\t\t\t\t\t\t\t\t\t\t\t\t\t<\/div>\n\t\t\t\t<\/div>\n\t\t\t\t\t<\/div>\n\t\t<\/div>\n\t\t\t\t\t<\/div>\n\t\t<\/section>\n\t\t\t\t<\/div>","protected":false},"excerpt":{"rendered":"<p>LOVE, SUN, VIBE Marrakech is a city that leaves a lasting impression on us. During the health crisis, our love for Marrakech turned into a mission to support local artisans, and \"Marrakech mon amour\" was born.   Our concept: to offer you casual products...<\/p>","protected":false},"author":1,"featured_media":0,"parent":0,"menu_order":0,"comment_status":"closed","ping_status":"closed","template":"full_width.php","meta":{"footnotes":""},"class_list":["post-19","page","type-page","status-publish","hentry"],"yoast_head":"<!-- This site is optimized with the Yoast SEO plugin v24.9 - https:\/\/yoast.com\/wordpress\/plugins\/seo\/ -->\n<title>About - Marrakech Mon Amour Concept Store Marrakech<\/title>\n<meta name=\"description\" content=\"L\u2019effervescence de Paris, l\u2019authenticit\u00e9 de Marrakech\u2026 Apr\u00e8s 15 ann\u00e9es pass\u00e9s dans la publicit\u00e9 et l\u2019\u00e9v\u00e9nementiel, nous avons trouv\u00e9 notre \u00e9quilibre dans la ville rose.\" \/>\n<meta name=\"robots\" content=\"index, follow, max-snippet:-1, max-image-preview:large, max-video-preview:-1\" \/>\n<link rel=\"canonical\" href=\"https:\/\/marrakech-mon-amour.com\/en\/about\/\" \/>\n<meta property=\"og:locale\" content=\"en_US\" \/>\n<meta property=\"og:type\" content=\"article\" \/>\n<meta property=\"og:title\" content=\"About - Marrakech Mon Amour Concept Store Marrakech\" \/>\n<meta property=\"og:description\" content=\"L\u2019effervescence de Paris, l\u2019authenticit\u00e9 de Marrakech\u2026 Apr\u00e8s 15 ann\u00e9es pass\u00e9s dans la publicit\u00e9 et l\u2019\u00e9v\u00e9nementiel, nous avons trouv\u00e9 notre \u00e9quilibre dans la ville rose.\" \/>\n<meta property=\"og:url\" content=\"https:\/\/marrakech-mon-amour.com\/en\/about\/\" \/>\n<meta property=\"og:site_name\" content=\"Marrakech Mon Amour Concept Store Marrakech\" \/>\n<meta property=\"article:publisher\" content=\"https:\/\/instagram.com\/sookparis\" \/>\n<meta property=\"article:modified_time\" content=\"2025-04-10T10:52:31+00:00\" \/>\n<meta property=\"og:image\" content=\"https:\/\/marrakech-mon-amour.com\/wp-content\/uploads\/2025\/03\/ABOUT-011.jpg\" \/>\n<meta name=\"twitter:card\" content=\"summary_large_image\" \/>\n<meta name=\"twitter:label1\" content=\"Est. reading time\" \/>\n\t<meta name=\"twitter:data1\" content=\"1 minute\" \/>\n<script type=\"application\/ld+json\" class=\"yoast-schema-graph\">{\"@context\":\"https:\/\/schema.org\",\"@graph\":[{\"@type\":\"WebPage\",\"@id\":\"https:\/\/marrakech-mon-amour.com\/about\/\",\"url\":\"https:\/\/marrakech-mon-amour.com\/about\/\",\"name\":\"About - Marrakech Mon Amour Concept Store Marrakech\",\"isPartOf\":{\"@id\":\"https:\/\/marrakech-mon-amour.com\/#website\"},\"primaryImageOfPage\":{\"@id\":\"https:\/\/marrakech-mon-amour.com\/about\/#primaryimage\"},\"image\":{\"@id\":\"https:\/\/marrakech-mon-amour.com\/about\/#primaryimage\"},\"thumbnailUrl\":\"https:\/\/marrakech-mon-amour.com\/wp-content\/uploads\/2025\/03\/ABOUT-011.jpg\",\"datePublished\":\"2020-06-17T10:12:42+00:00\",\"dateModified\":\"2025-04-10T10:52:31+00:00\",\"description\":\"L\u2019effervescence de Paris, l\u2019authenticit\u00e9 de Marrakech\u2026 Apr\u00e8s 15 ann\u00e9es pass\u00e9s dans la publicit\u00e9 et l\u2019\u00e9v\u00e9nementiel, nous avons trouv\u00e9 notre \u00e9quilibre dans la ville rose.\",\"breadcrumb\":{\"@id\":\"https:\/\/marrakech-mon-amour.com\/about\/#breadcrumb\"},\"inLanguage\":\"en-US\",\"potentialAction\":[{\"@type\":\"ReadAction\",\"target\":[\"https:\/\/marrakech-mon-amour.com\/about\/\"]}]},{\"@type\":\"ImageObject\",\"inLanguage\":\"en-US\",\"@id\":\"https:\/\/marrakech-mon-amour.com\/about\/#primaryimage\",\"url\":\"https:\/\/marrakech-mon-amour.com\/wp-content\/uploads\/2025\/03\/ABOUT-011.jpg\",\"contentUrl\":\"https:\/\/marrakech-mon-amour.com\/wp-content\/uploads\/2025\/03\/ABOUT-011.jpg\"},{\"@type\":\"BreadcrumbList\",\"@id\":\"https:\/\/marrakech-mon-amour.com\/about\/#breadcrumb\",\"itemListElement\":[{\"@type\":\"ListItem\",\"position\":1,\"name\":\"Accueil\",\"item\":\"https:\/\/marrakech-mon-amour.com\/\"},{\"@type\":\"ListItem\",\"position\":2,\"name\":\"About\"}]},{\"@type\":\"WebSite\",\"@id\":\"https:\/\/marrakech-mon-amour.com\/#website\",\"url\":\"https:\/\/marrakech-mon-amour.com\/\",\"name\":\"Sook Paris Concept Store Marrakech\",\"description\":\"\",\"publisher\":{\"@id\":\"https:\/\/marrakech-mon-amour.com\/#organization\"},\"potentialAction\":[{\"@type\":\"SearchAction\",\"target\":{\"@type\":\"EntryPoint\",\"urlTemplate\":\"https:\/\/marrakech-mon-amour.com\/?s={search_term_string}\"},\"query-input\":{\"@type\":\"PropertyValueSpecification\",\"valueRequired\":true,\"valueName\":\"search_term_string\"}}],\"inLanguage\":\"en-US\"},{\"@type\":\"Organization\",\"@id\":\"https:\/\/marrakech-mon-amour.com\/#organization\",\"name\":\"Sook Paris Concept Store Marrakech\",\"url\":\"https:\/\/marrakech-mon-amour.com\/\",\"logo\":{\"@type\":\"ImageObject\",\"inLanguage\":\"en-US\",\"@id\":\"https:\/\/marrakech-mon-amour.com\/#\/schema\/logo\/image\/\",\"url\":\"https:\/\/marrakech-mon-amour.com\/wp-content\/uploads\/2025\/03\/Plan-de-travail-15@3x-1.png\",\"contentUrl\":\"https:\/\/marrakech-mon-amour.com\/wp-content\/uploads\/2025\/03\/Plan-de-travail-15@3x-1.png\",\"width\":836,\"height\":375,\"caption\":\"Sook Paris Concept Store Marrakech\"},\"image\":{\"@id\":\"https:\/\/marrakech-mon-amour.com\/#\/schema\/logo\/image\/\"},\"sameAs\":[\"https:\/\/instagram.com\/sookparis\"]}]}<\/script>\n<!-- \/ Yoast SEO plugin. -->","yoast_head_json":{"title":"About - Marrakech Mon Amour Concept Store Marrakech","description":"L\u2019effervescence de Paris, l\u2019authenticit\u00e9 de Marrakech\u2026 Apr\u00e8s 15 ann\u00e9es pass\u00e9s dans la publicit\u00e9 et l\u2019\u00e9v\u00e9nementiel, nous avons trouv\u00e9 notre \u00e9quilibre dans la ville rose.","robots":{"index":"index","follow":"follow","max-snippet":"max-snippet:-1","max-image-preview":"max-image-preview:large","max-video-preview":"max-video-preview:-1"},"canonical":"https:\/\/marrakech-mon-amour.com\/en\/about\/","og_locale":"en_US","og_type":"article","og_title":"About - Marrakech Mon Amour Concept Store Marrakech","og_description":"L\u2019effervescence de Paris, l\u2019authenticit\u00e9 de Marrakech\u2026 Apr\u00e8s 15 ann\u00e9es pass\u00e9s dans la publicit\u00e9 et l\u2019\u00e9v\u00e9nementiel, nous avons trouv\u00e9 notre \u00e9quilibre dans la ville rose.","og_url":"https:\/\/marrakech-mon-amour.com\/en\/about\/","og_site_name":"Marrakech Mon Amour Concept Store Marrakech","article_publisher":"https:\/\/instagram.com\/sookparis","article_modified_time":"2025-04-10T10:52:31+00:00","og_image":[{"url":"https:\/\/marrakech-mon-amour.com\/wp-content\/uploads\/2025\/03\/ABOUT-011.jpg","type":"","width":"","height":""}],"twitter_card":"summary_large_image","twitter_misc":{"Est. reading time":"1 minute"},"schema":{"@context":"https:\/\/schema.org","@graph":[{"@type":"WebPage","@id":"https:\/\/marrakech-mon-amour.com\/about\/","url":"https:\/\/marrakech-mon-amour.com\/about\/","name":"About - Marrakech Mon Amour Concept Store Marrakech","isPartOf":{"@id":"https:\/\/marrakech-mon-amour.com\/#website"},"primaryImageOfPage":{"@id":"https:\/\/marrakech-mon-amour.com\/about\/#primaryimage"},"image":{"@id":"https:\/\/marrakech-mon-amour.com\/about\/#primaryimage"},"thumbnailUrl":"https:\/\/marrakech-mon-amour.com\/wp-content\/uploads\/2025\/03\/ABOUT-011.jpg","datePublished":"2020-06-17T10:12:42+00:00","dateModified":"2025-04-10T10:52:31+00:00","description":"L\u2019effervescence de Paris, l\u2019authenticit\u00e9 de Marrakech\u2026 Apr\u00e8s 15 ann\u00e9es pass\u00e9s dans la publicit\u00e9 et l\u2019\u00e9v\u00e9nementiel, nous avons trouv\u00e9 notre \u00e9quilibre dans la ville rose.","breadcrumb":{"@id":"https:\/\/marrakech-mon-amour.com\/about\/#breadcrumb"},"inLanguage":"en-US","potentialAction":[{"@type":"ReadAction","target":["https:\/\/marrakech-mon-amour.com\/about\/"]}]},{"@type":"ImageObject","inLanguage":"en-US","@id":"https:\/\/marrakech-mon-amour.com\/about\/#primaryimage","url":"https:\/\/marrakech-mon-amour.com\/wp-content\/uploads\/2025\/03\/ABOUT-011.jpg","contentUrl":"https:\/\/marrakech-mon-amour.com\/wp-content\/uploads\/2025\/03\/ABOUT-011.jpg"},{"@type":"BreadcrumbList","@id":"https:\/\/marrakech-mon-amour.com\/about\/#breadcrumb","itemListElement":[{"@type":"ListItem","position":1,"name":"Accueil","item":"https:\/\/marrakech-mon-amour.com\/"},{"@type":"ListItem","position":2,"name":"About"}]},{"@type":"WebSite","@id":"https:\/\/marrakech-mon-amour.com\/#website","url":"https:\/\/marrakech-mon-amour.com\/","name":"Sook Paris Concept Store Marrakech","description":"","publisher":{"@id":"https:\/\/marrakech-mon-amour.com\/#organization"},"potentialAction":[{"@type":"SearchAction","target":{"@type":"EntryPoint","urlTemplate":"https:\/\/marrakech-mon-amour.com\/?s={search_term_string}"},"query-input":{"@type":"PropertyValueSpecification","valueRequired":true,"valueName":"search_term_string"}}],"inLanguage":"en-US"},{"@type":"Organization","@id":"https:\/\/marrakech-mon-amour.com\/#organization","name":"Sook Paris Concept Store Marrakech","url":"https:\/\/marrakech-mon-amour.com\/","logo":{"@type":"ImageObject","inLanguage":"en-US","@id":"https:\/\/marrakech-mon-amour.com\/#\/schema\/logo\/image\/","url":"https:\/\/marrakech-mon-amour.com\/wp-content\/uploads\/2025\/03\/Plan-de-travail-15@3x-1.png","contentUrl":"https:\/\/marrakech-mon-amour.com\/wp-content\/uploads\/2025\/03\/Plan-de-travail-15@3x-1.png","width":836,"height":375,"caption":"Sook Paris Concept Store Marrakech"},"image":{"@id":"https:\/\/marrakech-mon-amour.com\/#\/schema\/logo\/image\/"},"sameAs":["https:\/\/instagram.com\/sookparis"]}]}},"_links":{"self":[{"href":"https:\/\/marrakech-mon-amour.com\/en\/wp-json\/wp\/v2\/pages\/19","targetHints":{"allow":["GET"]}}],"collection":[{"href":"https:\/\/marrakech-mon-amour.com\/en\/wp-json\/wp\/v2\/pages"}],"about":[{"href":"https:\/\/marrakech-mon-amour.com\/en\/wp-json\/wp\/v2\/types\/page"}],"author":[{"embeddable":true,"href":"https:\/\/marrakech-mon-amour.com\/en\/wp-json\/wp\/v2\/users\/1"}],"replies":[{"embeddable":true,"href":"https:\/\/marrakech-mon-amour.com\/en\/wp-json\/wp\/v2\/comments?post=19"}],"version-history":[{"count":27,"href":"https:\/\/marrakech-mon-amour.com\/en\/wp-json\/wp\/v2\/pages\/19\/revisions"}],"predecessor-version":[{"id":1368,"href":"https:\/\/marrakech-mon-amour.com\/en\/wp-json\/wp\/v2\/pages\/19\/revisions\/1368"}],"wp:attachment":[{"href":"https:\/\/marrakech-mon-amour.com\/en\/wp-json\/wp\/v2\/media?parent=19"}],"curies":[{"name":"wp","href":"https:\/\/api.w.org\/{rel}","templated":true}]}}